{"id":2393,"date":"2026-04-17T13:01:24","date_gmt":"2026-04-17T13:01:24","guid":{"rendered":"https:\/\/rozkrecamywiare.pl\/?page_id=2393"},"modified":"2026-04-17T13:05:05","modified_gmt":"2026-04-17T13:05:05","slug":"polityka-prywatnosci","status":"publish","type":"page","link":"https:\/\/rozkrecamywiare.pl\/index.php\/polityka-prywatnosci\/","title":{"rendered":"Polityka prywatno\u015bci"},"content":{"rendered":"\n<div class=\"wp-block-columns is-layout-flex wp-container-core-columns-is-layout-28f84493 wp-block-columns-is-layout-flex\">\n<div class=\"wp-block-column is-layout-flow wp-block-column-is-layout-flow\" style=\"flex-basis:100%\">\n<blockquote class=\"wp-block-quote is-layout-flow wp-block-quote-is-layout-flow\">\n<pre class=\"wp-block-code\"><code>\u00a71 Administrator danych<\/code><\/pre>\n<\/blockquote>\n<\/div>\n<\/div>\n\n\n\n<p>Administratorem danych osobowych jest:<\/p>\n\n\n\n<p>Towarzystwo Boskiego Zbawiciela, Dom Zakonny KS. Salwatorianie<\/p>\n\n\n\n<p>Adres: Bagno 86, 55-120<\/p>\n\n\n\n<p>NIP: 9151315278<\/p>\n\n\n\n<p>E-mail: rozkrecamywiare@gmail.com<\/p>\n\n\n\n<p>\u00a72 Zakres zbieranych danych<\/p>\n\n\n\n<p>Przetwarzamy dane takie jak:<\/p>\n\n\n\n<p>&#8211; imi\u0119 i nazwisko<\/p>\n\n\n\n<p>&#8211; adres e-mail<\/p>\n\n\n\n<p>&#8211; numer telefonu<\/p>\n\n\n\n<p>&#8211; dane do p\u0142atno\u015bci<\/p>\n\n\n\n<p>\u00a73 Cel przetwarzania danych<\/p>\n\n\n\n<p>Dane przetwarzane s\u0105 w celu:<\/p>\n\n\n\n<p>&#8211; realizacji zapis\u00f3w na wydarzenia<\/p>\n\n\n\n<p>&#8211; obs\u0142ugi p\u0142atno\u015bci<\/p>\n\n\n\n<p>&#8211; kontaktu z uczestnikami<\/p>\n\n\n\n<p>&#8211; wype\u0142nienia obowi\u0105zk\u00f3w prawnych<\/p>\n\n\n\n<p>\u00a74 Podstawa prawna<\/p>\n\n\n\n<p>Dane przetwarzane s\u0105 zgodnie z RODO:<\/p>\n\n\n\n<p>&#8211; art. 6 ust. 1 lit. b (realizacja umowy)<\/p>\n\n\n\n<p>&#8211; art. 6 ust. 1 lit. c (obowi\u0105zek prawny)<\/p>\n\n\n\n<p>&#8211; art. 6 ust. 1 lit. f (uzasadniony interes administratora)<\/p>\n\n\n\n<p>\u00a75 Okres przechowywania danych<\/p>\n\n\n\n<p>Dane przechowywane s\u0105:<\/p>\n\n\n\n<p>&#8211; przez czas trwania umowy<\/p>\n\n\n\n<p>&#8211; do czasu przedawnienia roszcze\u0144<\/p>\n\n\n\n<p>&#8211; zgodnie z obowi\u0105zkami podatkowymi<\/p>\n\n\n\n<p>\u00a76 Prawa u\u017cytkownika<\/p>\n\n\n\n<p>Masz prawo do:<\/p>\n\n\n\n<p>&#8211; dost\u0119pu do danych<\/p>\n\n\n\n<p>&#8211; poprawiania danych<\/p>\n\n\n\n<p>&#8211; usuni\u0119cia danych<\/p>\n\n\n\n<p>&#8211; ograniczenia przetwarzania<\/p>\n\n\n\n<p>&#8211; wniesienia sprzeciwu<\/p>\n\n\n\n<p>&#8211; z\u0142o\u017cenia skargi do UODO<\/p>\n\n\n\n<p>\u00a77 Przekazywanie danych<\/p>\n\n\n\n<p>Dane mog\u0105 by\u0107 przekazywane podmiotom obs\u0142uguj\u0105cym p\u0142atno\u015bci (np. Przelewy24).<\/p>\n\n\n\n<p>\u00a78 Pliki cookies<\/p>\n\n\n\n<p>Strona korzysta z plik\u00f3w cookies w celach technicznych i analitycznych.<\/p>\n\n\n\n<p>\u00a79 Kontakt<\/p>\n\n\n\n<p>W sprawach zwi\u0105zanych z danymi osobowymi kontakt: rozkrecamywiare@gmail.com<\/p>\n\n\n\n<p>Dokument obowi\u0105zuje od dnia publikacji.<\/p>\n\n\n\n<p><\/p>\n","protected":false},"excerpt":{"rendered":"<p>Administratorem danych osobowych jest: Towarzystwo Boskiego Zbawiciela, Dom Zakonny KS. Salwatorianie Adres: Bagno 86, 55-120 NIP: 9151315278 E-mail: rozkrecamywiare@gmail.com \u00a72 Zakres zbieranych danych Przetwarzamy dane takie jak: &#8211; imi\u0119 i nazwisko &#8211; adres e-mail &#8211; numer telefonu &#8211; dane do p\u0142atno\u015bci \u00a73 Cel przetwarzania danych Dane przetwarzane s\u0105 w celu: &#8211; realizacji zapis\u00f3w na wydarzenia [&hellip;]<\/p>\n","protected":false},"author":4,"featured_media":0,"parent":0,"menu_order":0,"comment_status":"closed","ping_status":"closed","template":"","meta":{"footnotes":""},"class_list":["post-2393","page","type-page","status-publish","hentry"],"jetpack_sharing_enabled":true,"_links":{"self":[{"href":"https:\/\/rozkrecamywiare.pl\/index.php\/wp-json\/wp\/v2\/pages\/2393","targetHints":{"allow":["GET"]}}],"collection":[{"href":"https:\/\/rozkrecamywiare.pl\/index.php\/wp-json\/wp\/v2\/pages"}],"about":[{"href":"https:\/\/rozkrecamywiare.pl\/index.php\/wp-json\/wp\/v2\/types\/page"}],"author":[{"embeddable":true,"href":"https:\/\/rozkrecamywiare.pl\/index.php\/wp-json\/wp\/v2\/users\/4"}],"replies":[{"embeddable":true,"href":"https:\/\/rozkrecamywiare.pl\/index.php\/wp-json\/wp\/v2\/comments?post=2393"}],"version-history":[{"count":2,"href":"https:\/\/rozkrecamywiare.pl\/index.php\/wp-json\/wp\/v2\/pages\/2393\/revisions"}],"predecessor-version":[{"id":2396,"href":"https:\/\/rozkrecamywiare.pl\/index.php\/wp-json\/wp\/v2\/pages\/2393\/revisions\/2396"}],"wp:attachment":[{"href":"https:\/\/rozkrecamywiare.pl\/index.php\/wp-json\/wp\/v2\/media?parent=2393"}],"curies":[{"name":"wp","href":"https:\/\/api.w.org\/{rel}","templated":true}]}}